{"id":266,"date":"2024-09-03T17:15:29","date_gmt":"2024-09-03T17:15:29","guid":{"rendered":"https:\/\/afc-tg.com\/?page_id=266"},"modified":"2024-09-03T18:08:13","modified_gmt":"2024-09-03T18:08:13","slug":"ciment-colle-top-mix","status":"publish","type":"page","link":"https:\/\/afc-tg.com\/index.php\/ciment-colle-top-mix\/","title":{"rendered":"Ciment colle (TOP MIX)"},"content":{"rendered":"\t\t<div data-elementor-type=\"wp-page\" data-elementor-id=\"266\" class=\"elementor elementor-266\" data-elementor-post-type=\"page\">\n\t\t\t\t\t\t<section class=\"elementor-section elementor-top-section elementor-element elementor-element-90bd0bd elementor-section-boxed elementor-section-height-default elementor-section-height-default\" data-id=\"90bd0bd\" data-element_type=\"section\" data-settings=\"{&quot;ekit_has_onepagescroll_dot&quot;:&quot;yes&quot;}\">\n\t\t\t\t\t\t<div class=\"elementor-container elementor-column-gap-default\">\n\t\t\t\t\t<div class=\"elementor-column elementor-col-100 elementor-top-column elementor-element elementor-element-47d1f814\" data-id=\"47d1f814\" data-element_type=\"column\">\n\t\t\t<div class=\"elementor-widget-wrap elementor-element-populated\">\n\t\t\t\t\t\t<div class=\"elementor-element elementor-element-19855854 elementor-view-framed elementor-shape-circle elementor-widget elementor-widget-icon\" data-id=\"19855854\" data-element_type=\"widget\" data-settings=\"{&quot;ekit_we_effect_on&quot;:&quot;none&quot;}\" data-widget_type=\"icon.default\">\n\t\t\t\t<div class=\"elementor-widget-container\">\n\t\t\t\t\t<div class=\"elementor-icon-wrapper\">\n\t\t\t<div class=\"elementor-icon\">\n\t\t\t<svg aria-hidden=\"true\" class=\"e-font-icon-svg e-fas-angle-double-down\" viewBox=\"0 0 320 512\" xmlns=\"http:\/\/www.w3.org\/2000\/svg\"><path d=\"M143 256.3L7 120.3c-9.4-9.4-9.4-24.6 0-33.9l22.6-22.6c9.4-9.4 24.6-9.4 33.9 0l96.4 96.4 96.4-96.4c9.4-9.4 24.6-9.4 33.9 0L313 86.3c9.4 9.4 9.4 24.6 0 33.9l-136 136c-9.4 9.5-24.6 9.5-34 .1zm34 192l136-136c9.4-9.4 9.4-24.6 0-33.9l-22.6-22.6c-9.4-9.4-24.6-9.4-33.9 0L160 352.1l-96.4-96.4c-9.4-9.4-24.6-9.4-33.9 0L7 278.3c-9.4 9.4-9.4 24.6 0 33.9l136 136c9.4 9.5 24.6 9.5 34 .1z\"><\/path><\/svg>\t\t\t<\/div>\n\t\t<\/div>\n\t\t\t\t<\/div>\n\t\t\t\t<\/div>\n\t\t\t\t\t<\/div>\n\t\t<\/div>\n\t\t\t\t\t<\/div>\n\t\t<\/section>\n\t\t\t\t<section class=\"elementor-section elementor-top-section elementor-element elementor-element-592882bb elementor-section-boxed elementor-section-height-default elementor-section-height-default\" data-id=\"592882bb\" data-element_type=\"section\" data-settings=\"{&quot;ekit_has_onepagescroll_dot&quot;:&quot;yes&quot;}\">\n\t\t\t\t\t\t<div class=\"elementor-container elementor-column-gap-default\">\n\t\t\t\t\t<div class=\"elementor-column elementor-col-50 elementor-top-column elementor-element elementor-element-3d5928ad\" data-id=\"3d5928ad\" data-element_type=\"column\">\n\t\t\t<div class=\"elementor-widget-wrap elementor-element-populated\">\n\t\t\t\t\t\t<div class=\"elementor-element elementor-element-747aacfb elementor-widget elementor-widget-text-editor\" data-id=\"747aacfb\" data-element_type=\"widget\" data-settings=\"{&quot;ekit_we_effect_on&quot;:&quot;none&quot;}\" data-widget_type=\"text-editor.default\">\n\t\t\t\t<div class=\"elementor-widget-container\">\n\t\t\t<style>\/*! elementor - v3.21.0 - 26-05-2024 *\/\n.elementor-widget-text-editor.elementor-drop-cap-view-stacked .elementor-drop-cap{background-color:#69727d;color:#fff}.elementor-widget-text-editor.elementor-drop-cap-view-framed .elementor-drop-cap{color:#69727d;border:3px solid;background-color:transparent}.elementor-widget-text-editor:not(.elementor-drop-cap-view-default) .elementor-drop-cap{margin-top:8px}.elementor-widget-text-editor:not(.elementor-drop-cap-view-default) .elementor-drop-cap-letter{width:1em;height:1em}.elementor-widget-text-editor .elementor-drop-cap{float:left;text-align:center;line-height:1;font-size:50px}.elementor-widget-text-editor .elementor-drop-cap-letter{display:inline-block}<\/style>\t\t\t\t<p>Le <b>ciment colle TOP MIX <\/b>est un mortier adh\u00e9sif polyvalent, sp\u00e9cialement formul\u00e9 pour la pose de carrelage. Il offre une adh\u00e9sion \u00e9lev\u00e9e sur divers supports, y compris les murs et les sols. Sa formule permet une application facile et une bonne r\u00e9sistance \u00e0 l&rsquo;humidit\u00e9, ce qui le rend id\u00e9al pour les environnements int\u00e9rieurs et ext\u00e9rieurs.\u00a0<\/p>\t\t\t\t\t\t<\/div>\n\t\t\t\t<\/div>\n\t\t\t\t<div class=\"elementor-element elementor-element-5ef188c elementor-icon-list--layout-traditional elementor-list-item-link-full_width elementor-widget elementor-widget-icon-list\" data-id=\"5ef188c\" data-element_type=\"widget\" data-settings=\"{&quot;ekit_we_effect_on&quot;:&quot;none&quot;}\" data-widget_type=\"icon-list.default\">\n\t\t\t\t<div class=\"elementor-widget-container\">\n\t\t\t<link rel=\"stylesheet\" href=\"https:\/\/afc-tg.com\/wp-content\/plugins\/elementor\/assets\/css\/widget-icon-list.min.css\">\t\t<ul class=\"elementor-icon-list-items\">\n\t\t\t\t\t\t\t<li class=\"elementor-icon-list-item\">\n\t\t\t\t\t\t\t\t\t\t\t<span class=\"elementor-icon-list-icon\">\n\t\t\t\t\t\t\t<svg aria-hidden=\"true\" class=\"e-font-icon-svg e-fas-chevron-circle-right\" viewBox=\"0 0 512 512\" xmlns=\"http:\/\/www.w3.org\/2000\/svg\"><path d=\"M256 8c137 0 248 111 248 248S393 504 256 504 8 393 8 256 119 8 256 8zm113.9 231L234.4 103.5c-9.4-9.4-24.6-9.4-33.9 0l-17 17c-9.4 9.4-9.4 24.6 0 33.9L285.1 256 183.5 357.6c-9.4 9.4-9.4 24.6 0 33.9l17 17c9.4 9.4 24.6 9.4 33.9 0L369.9 273c9.4-9.4 9.4-24.6 0-34z\"><\/path><\/svg>\t\t\t\t\t\t<\/span>\n\t\t\t\t\t\t\t\t\t\t<span class=\"elementor-icon-list-text\">C1T gris<\/span>\n\t\t\t\t\t\t\t\t\t<\/li>\n\t\t\t\t\t\t\t\t<li class=\"elementor-icon-list-item\">\n\t\t\t\t\t\t\t\t\t\t\t<span class=\"elementor-icon-list-icon\">\n\t\t\t\t\t\t\t<svg aria-hidden=\"true\" class=\"e-font-icon-svg e-fas-chevron-circle-right\" viewBox=\"0 0 512 512\" xmlns=\"http:\/\/www.w3.org\/2000\/svg\"><path d=\"M256 8c137 0 248 111 248 248S393 504 256 504 8 393 8 256 119 8 256 8zm113.9 231L234.4 103.5c-9.4-9.4-24.6-9.4-33.9 0l-17 17c-9.4 9.4-9.4 24.6 0 33.9L285.1 256 183.5 357.6c-9.4 9.4-9.4 24.6 0 33.9l17 17c9.4 9.4 24.6 9.4 33.9 0L369.9 273c9.4-9.4 9.4-24.6 0-34z\"><\/path><\/svg>\t\t\t\t\t\t<\/span>\n\t\t\t\t\t\t\t\t\t\t<span class=\"elementor-icon-list-text\">C1T blanc<\/span>\n\t\t\t\t\t\t\t\t\t<\/li>\n\t\t\t\t\t\t\t\t<li class=\"elementor-icon-list-item\">\n\t\t\t\t\t\t\t\t\t\t\t<span class=\"elementor-icon-list-icon\">\n\t\t\t\t\t\t\t<svg aria-hidden=\"true\" class=\"e-font-icon-svg e-fas-chevron-circle-right\" viewBox=\"0 0 512 512\" xmlns=\"http:\/\/www.w3.org\/2000\/svg\"><path d=\"M256 8c137 0 248 111 248 248S393 504 256 504 8 393 8 256 119 8 256 8zm113.9 231L234.4 103.5c-9.4-9.4-24.6-9.4-33.9 0l-17 17c-9.4 9.4-9.4 24.6 0 33.9L285.1 256 183.5 357.6c-9.4 9.4-9.4 24.6 0 33.9l17 17c9.4 9.4 24.6 9.4 33.9 0L369.9 273c9.4-9.4 9.4-24.6 0-34z\"><\/path><\/svg>\t\t\t\t\t\t<\/span>\n\t\t\t\t\t\t\t\t\t\t<span class=\"elementor-icon-list-text\">C2TE gris<\/span>\n\t\t\t\t\t\t\t\t\t<\/li>\n\t\t\t\t\t\t\t\t<li class=\"elementor-icon-list-item\">\n\t\t\t\t\t\t\t\t\t\t\t<span class=\"elementor-icon-list-icon\">\n\t\t\t\t\t\t\t<svg aria-hidden=\"true\" class=\"e-font-icon-svg e-fas-chevron-circle-right\" viewBox=\"0 0 512 512\" xmlns=\"http:\/\/www.w3.org\/2000\/svg\"><path d=\"M256 8c137 0 248 111 248 248S393 504 256 504 8 393 8 256 119 8 256 8zm113.9 231L234.4 103.5c-9.4-9.4-24.6-9.4-33.9 0l-17 17c-9.4 9.4-9.4 24.6 0 33.9L285.1 256 183.5 357.6c-9.4 9.4-9.4 24.6 0 33.9l17 17c9.4 9.4 24.6 9.4 33.9 0L369.9 273c9.4-9.4 9.4-24.6 0-34z\"><\/path><\/svg>\t\t\t\t\t\t<\/span>\n\t\t\t\t\t\t\t\t\t\t<span class=\"elementor-icon-list-text\">C2TE blanc<\/span>\n\t\t\t\t\t\t\t\t\t<\/li>\n\t\t\t\t\t\t\t\t<li class=\"elementor-icon-list-item\">\n\t\t\t\t\t\t\t\t\t\t\t<span class=\"elementor-icon-list-icon\">\n\t\t\t\t\t\t\t<svg aria-hidden=\"true\" class=\"e-font-icon-svg e-fas-chevron-circle-right\" viewBox=\"0 0 512 512\" xmlns=\"http:\/\/www.w3.org\/2000\/svg\"><path d=\"M256 8c137 0 248 111 248 248S393 504 256 504 8 393 8 256 119 8 256 8zm113.9 231L234.4 103.5c-9.4-9.4-24.6-9.4-33.9 0l-17 17c-9.4 9.4-9.4 24.6 0 33.9L285.1 256 183.5 357.6c-9.4 9.4-9.4 24.6 0 33.9l17 17c9.4 9.4 24.6 9.4 33.9 0L369.9 273c9.4-9.4 9.4-24.6 0-34z\"><\/path><\/svg>\t\t\t\t\t\t<\/span>\n\t\t\t\t\t\t\t\t\t\t<span class=\"elementor-icon-list-text\">C2TE (piscine)<\/span>\n\t\t\t\t\t\t\t\t\t<\/li>\n\t\t\t\t\t\t<\/ul>\n\t\t\t\t<\/div>\n\t\t\t\t<\/div>\n\t\t\t\t<div class=\"elementor-element elementor-element-1fc12b70 elementor-widget elementor-widget-button\" data-id=\"1fc12b70\" data-element_type=\"widget\" data-settings=\"{&quot;ekit_we_effect_on&quot;:&quot;none&quot;}\" data-widget_type=\"button.default\">\n\t\t\t\t<div class=\"elementor-widget-container\">\n\t\t\t\t\t<div class=\"elementor-button-wrapper\">\n\t\t\t<a class=\"elementor-button elementor-button-link elementor-size-sm\" href=\"https:\/\/afc-tg.com\/#contact\">\n\t\t\t\t\t\t<span class=\"elementor-button-content-wrapper\">\n\t\t\t\t\t\t<span class=\"elementor-button-icon elementor-align-icon-right\">\n\t\t\t\t<svg aria-hidden=\"true\" class=\"e-font-icon-svg e-fas-angle-right\" viewBox=\"0 0 256 512\" xmlns=\"http:\/\/www.w3.org\/2000\/svg\"><path d=\"M224.3 273l-136 136c-9.4 9.4-24.6 9.4-33.9 0l-22.6-22.6c-9.4-9.4-9.4-24.6 0-33.9l96.4-96.4-96.4-96.4c-9.4-9.4-9.4-24.6 0-33.9L54.3 103c9.4-9.4 24.6-9.4 33.9 0l136 136c9.5 9.4 9.5 24.6.1 34z\"><\/path><\/svg>\t\t\t<\/span>\n\t\t\t\t\t\t\t\t\t<span class=\"elementor-button-text\">Contactez-nous<\/span>\n\t\t\t\t\t<\/span>\n\t\t\t\t\t<\/a>\n\t\t<\/div>\n\t\t\t\t<\/div>\n\t\t\t\t<\/div>\n\t\t\t\t\t<\/div>\n\t\t<\/div>\n\t\t\t\t<div class=\"elementor-column elementor-col-50 elementor-top-column elementor-element elementor-element-579f8b3b\" data-id=\"579f8b3b\" data-element_type=\"column\">\n\t\t\t<div class=\"elementor-widget-wrap elementor-element-populated\">\n\t\t\t\t\t\t<div class=\"elementor-element elementor-element-588f5ce1 elementor-widget elementor-widget-image\" data-id=\"588f5ce1\" data-element_type=\"widget\" data-settings=\"{&quot;ekit_we_effect_on&quot;:&quot;none&quot;}\" data-widget_type=\"image.default\">\n\t\t\t\t<div class=\"elementor-widget-container\">\n\t\t\t<style>\/*! elementor - v3.21.0 - 26-05-2024 *\/\n.elementor-widget-image{text-align:center}.elementor-widget-image a{display:inline-block}.elementor-widget-image a img[src$=\".svg\"]{width:48px}.elementor-widget-image img{vertical-align:middle;display:inline-block}<\/style>\t\t\t\t\t\t\t\t\t\t<img fetchpriority=\"high\" decoding=\"async\" width=\"2560\" height=\"2274\" src=\"https:\/\/afc-tg.com\/wp-content\/uploads\/2024\/09\/WhatsApp-Image-2024-08-24-at-11.47.06-scaled.jpeg\" class=\"attachment-full size-full wp-image-268\" alt=\"\" srcset=\"https:\/\/afc-tg.com\/wp-content\/uploads\/2024\/09\/WhatsApp-Image-2024-08-24-at-11.47.06-scaled.jpeg 2560w, https:\/\/afc-tg.com\/wp-content\/uploads\/2024\/09\/WhatsApp-Image-2024-08-24-at-11.47.06-300x266.jpeg 300w, https:\/\/afc-tg.com\/wp-content\/uploads\/2024\/09\/WhatsApp-Image-2024-08-24-at-11.47.06-1024x910.jpeg 1024w, https:\/\/afc-tg.com\/wp-content\/uploads\/2024\/09\/WhatsApp-Image-2024-08-24-at-11.47.06-768x682.jpeg 768w, https:\/\/afc-tg.com\/wp-content\/uploads\/2024\/09\/WhatsApp-Image-2024-08-24-at-11.47.06-1536x1364.jpeg 1536w, https:\/\/afc-tg.com\/wp-content\/uploads\/2024\/09\/WhatsApp-Image-2024-08-24-at-11.47.06-2048x1819.jpeg 2048w\" sizes=\"(max-width: 2560px) 100vw, 2560px\" \/>\t\t\t\t\t\t\t\t\t\t\t\t\t<\/div>\n\t\t\t\t<\/div>\n\t\t\t\t\t<\/div>\n\t\t<\/div>\n\t\t\t\t\t<\/div>\n\t\t<\/section>\n\t\t\t\t<\/div>\n\t\t","protected":false},"excerpt":{"rendered":"<p>Le ciment colle TOP MIX est un mortier adh\u00e9sif polyvalent, sp\u00e9cialement formul\u00e9 pour la pose de carrelage. Il offre une adh\u00e9sion \u00e9lev\u00e9e sur divers supports, y compris les murs et les sols. Sa formule permet une application facile et une bonne r\u00e9sistance \u00e0 l&rsquo;humidit\u00e9, ce qui le rend id\u00e9al pour les environnements int\u00e9rieurs et ext\u00e9rieurs.\u00a0 [&hellip;]<\/p>\n","protected":false},"author":2,"featured_media":268,"parent":0,"menu_order":0,"comment_status":"closed","ping_status":"closed","template":"elementor_header_footer","meta":{"footnotes":""},"class_list":["post-266","page","type-page","status-publish","has-post-thumbnail","hentry"],"yoast_head":"<!-- This site is optimized with the Yoast SEO plugin v22.8 - https:\/\/yoast.com\/wordpress\/plugins\/seo\/ -->\n<title>Ciment colle (TOP MIX) - AFC Togo<\/title>\n<meta name=\"robots\" content=\"index, follow, max-snippet:-1, max-image-preview:large, max-video-preview:-1\" \/>\n<link rel=\"canonical\" href=\"https:\/\/afc-tg.com\/index.php\/ciment-colle-top-mix\/\" \/>\n<meta property=\"og:locale\" content=\"fr_FR\" \/>\n<meta property=\"og:type\" content=\"article\" \/>\n<meta property=\"og:title\" content=\"Ciment colle (TOP MIX) - AFC Togo\" \/>\n<meta property=\"og:description\" content=\"Le ciment colle TOP MIX est un mortier adh\u00e9sif polyvalent, sp\u00e9cialement formul\u00e9 pour la pose de carrelage. Il offre une adh\u00e9sion \u00e9lev\u00e9e sur divers supports, y compris les murs et les sols. Sa formule permet une application facile et une bonne r\u00e9sistance \u00e0 l&rsquo;humidit\u00e9, ce qui le rend id\u00e9al pour les environnements int\u00e9rieurs et ext\u00e9rieurs.\u00a0 [&hellip;]\" \/>\n<meta property=\"og:url\" content=\"https:\/\/afc-tg.com\/index.php\/ciment-colle-top-mix\/\" \/>\n<meta property=\"og:site_name\" content=\"AFC Togo\" \/>\n<meta property=\"article:modified_time\" content=\"2024-09-03T18:08:13+00:00\" \/>\n<meta property=\"og:image\" content=\"http:\/\/afc-tg.com\/wp-content\/uploads\/2024\/09\/WhatsApp-Image-2024-08-24-at-11.47.06-scaled.jpeg\" \/>\n\t<meta property=\"og:image:width\" content=\"2560\" \/>\n\t<meta property=\"og:image:height\" content=\"2274\" \/>\n\t<meta property=\"og:image:type\" content=\"image\/jpeg\" \/>\n<meta name=\"twitter:card\" content=\"summary_large_image\" \/>\n<meta name=\"twitter:label1\" content=\"Dur\u00e9e de lecture estim\u00e9e\" \/>\n\t<meta name=\"twitter:data1\" content=\"1 minute\" \/>\n<script type=\"application\/ld+json\" class=\"yoast-schema-graph\">{\"@context\":\"https:\/\/schema.org\",\"@graph\":[{\"@type\":\"WebPage\",\"@id\":\"https:\/\/afc-tg.com\/index.php\/ciment-colle-top-mix\/\",\"url\":\"https:\/\/afc-tg.com\/index.php\/ciment-colle-top-mix\/\",\"name\":\"Ciment colle (TOP MIX) - AFC Togo\",\"isPartOf\":{\"@id\":\"https:\/\/afc-tg.com\/#website\"},\"primaryImageOfPage\":{\"@id\":\"https:\/\/afc-tg.com\/index.php\/ciment-colle-top-mix\/#primaryimage\"},\"image\":{\"@id\":\"https:\/\/afc-tg.com\/index.php\/ciment-colle-top-mix\/#primaryimage\"},\"thumbnailUrl\":\"https:\/\/afc-tg.com\/wp-content\/uploads\/2024\/09\/WhatsApp-Image-2024-08-24-at-11.47.06-scaled.jpeg\",\"datePublished\":\"2024-09-03T17:15:29+00:00\",\"dateModified\":\"2024-09-03T18:08:13+00:00\",\"breadcrumb\":{\"@id\":\"https:\/\/afc-tg.com\/index.php\/ciment-colle-top-mix\/#breadcrumb\"},\"inLanguage\":\"fr-FR\",\"potentialAction\":[{\"@type\":\"ReadAction\",\"target\":[\"https:\/\/afc-tg.com\/index.php\/ciment-colle-top-mix\/\"]}]},{\"@type\":\"ImageObject\",\"inLanguage\":\"fr-FR\",\"@id\":\"https:\/\/afc-tg.com\/index.php\/ciment-colle-top-mix\/#primaryimage\",\"url\":\"https:\/\/afc-tg.com\/wp-content\/uploads\/2024\/09\/WhatsApp-Image-2024-08-24-at-11.47.06-scaled.jpeg\",\"contentUrl\":\"https:\/\/afc-tg.com\/wp-content\/uploads\/2024\/09\/WhatsApp-Image-2024-08-24-at-11.47.06-scaled.jpeg\",\"width\":2560,\"height\":2274},{\"@type\":\"BreadcrumbList\",\"@id\":\"https:\/\/afc-tg.com\/index.php\/ciment-colle-top-mix\/#breadcrumb\",\"itemListElement\":[{\"@type\":\"ListItem\",\"position\":1,\"name\":\"Accueil\",\"item\":\"https:\/\/afc-tg.com\/\"},{\"@type\":\"ListItem\",\"position\":2,\"name\":\"Ciment colle (TOP MIX)\"}]},{\"@type\":\"WebSite\",\"@id\":\"https:\/\/afc-tg.com\/#website\",\"url\":\"https:\/\/afc-tg.com\/\",\"name\":\"AFC Togo\",\"description\":\"Africa Furo E Construcao\",\"potentialAction\":[{\"@type\":\"SearchAction\",\"target\":{\"@type\":\"EntryPoint\",\"urlTemplate\":\"https:\/\/afc-tg.com\/?s={search_term_string}\"},\"query-input\":\"required name=search_term_string\"}],\"inLanguage\":\"fr-FR\"}]}<\/script>\n<!-- \/ Yoast SEO plugin. -->","yoast_head_json":{"title":"Ciment colle (TOP MIX) - AFC Togo","robots":{"index":"index","follow":"follow","max-snippet":"max-snippet:-1","max-image-preview":"max-image-preview:large","max-video-preview":"max-video-preview:-1"},"canonical":"https:\/\/afc-tg.com\/index.php\/ciment-colle-top-mix\/","og_locale":"fr_FR","og_type":"article","og_title":"Ciment colle (TOP MIX) - AFC Togo","og_description":"Le ciment colle TOP MIX est un mortier adh\u00e9sif polyvalent, sp\u00e9cialement formul\u00e9 pour la pose de carrelage. Il offre une adh\u00e9sion \u00e9lev\u00e9e sur divers supports, y compris les murs et les sols. Sa formule permet une application facile et une bonne r\u00e9sistance \u00e0 l&rsquo;humidit\u00e9, ce qui le rend id\u00e9al pour les environnements int\u00e9rieurs et ext\u00e9rieurs.\u00a0 [&hellip;]","og_url":"https:\/\/afc-tg.com\/index.php\/ciment-colle-top-mix\/","og_site_name":"AFC Togo","article_modified_time":"2024-09-03T18:08:13+00:00","og_image":[{"width":2560,"height":2274,"url":"http:\/\/afc-tg.com\/wp-content\/uploads\/2024\/09\/WhatsApp-Image-2024-08-24-at-11.47.06-scaled.jpeg","type":"image\/jpeg"}],"twitter_card":"summary_large_image","twitter_misc":{"Dur\u00e9e de lecture estim\u00e9e":"1 minute"},"schema":{"@context":"https:\/\/schema.org","@graph":[{"@type":"WebPage","@id":"https:\/\/afc-tg.com\/index.php\/ciment-colle-top-mix\/","url":"https:\/\/afc-tg.com\/index.php\/ciment-colle-top-mix\/","name":"Ciment colle (TOP MIX) - AFC Togo","isPartOf":{"@id":"https:\/\/afc-tg.com\/#website"},"primaryImageOfPage":{"@id":"https:\/\/afc-tg.com\/index.php\/ciment-colle-top-mix\/#primaryimage"},"image":{"@id":"https:\/\/afc-tg.com\/index.php\/ciment-colle-top-mix\/#primaryimage"},"thumbnailUrl":"https:\/\/afc-tg.com\/wp-content\/uploads\/2024\/09\/WhatsApp-Image-2024-08-24-at-11.47.06-scaled.jpeg","datePublished":"2024-09-03T17:15:29+00:00","dateModified":"2024-09-03T18:08:13+00:00","breadcrumb":{"@id":"https:\/\/afc-tg.com\/index.php\/ciment-colle-top-mix\/#breadcrumb"},"inLanguage":"fr-FR","potentialAction":[{"@type":"ReadAction","target":["https:\/\/afc-tg.com\/index.php\/ciment-colle-top-mix\/"]}]},{"@type":"ImageObject","inLanguage":"fr-FR","@id":"https:\/\/afc-tg.com\/index.php\/ciment-colle-top-mix\/#primaryimage","url":"https:\/\/afc-tg.com\/wp-content\/uploads\/2024\/09\/WhatsApp-Image-2024-08-24-at-11.47.06-scaled.jpeg","contentUrl":"https:\/\/afc-tg.com\/wp-content\/uploads\/2024\/09\/WhatsApp-Image-2024-08-24-at-11.47.06-scaled.jpeg","width":2560,"height":2274},{"@type":"BreadcrumbList","@id":"https:\/\/afc-tg.com\/index.php\/ciment-colle-top-mix\/#breadcrumb","itemListElement":[{"@type":"ListItem","position":1,"name":"Accueil","item":"https:\/\/afc-tg.com\/"},{"@type":"ListItem","position":2,"name":"Ciment colle (TOP MIX)"}]},{"@type":"WebSite","@id":"https:\/\/afc-tg.com\/#website","url":"https:\/\/afc-tg.com\/","name":"AFC Togo","description":"Africa Furo E Construcao","potentialAction":[{"@type":"SearchAction","target":{"@type":"EntryPoint","urlTemplate":"https:\/\/afc-tg.com\/?s={search_term_string}"},"query-input":"required name=search_term_string"}],"inLanguage":"fr-FR"}]}},"_links":{"self":[{"href":"https:\/\/afc-tg.com\/index.php\/wp-json\/wp\/v2\/pages\/266","targetHints":{"allow":["GET"]}}],"collection":[{"href":"https:\/\/afc-tg.com\/index.php\/wp-json\/wp\/v2\/pages"}],"about":[{"href":"https:\/\/afc-tg.com\/index.php\/wp-json\/wp\/v2\/types\/page"}],"author":[{"embeddable":true,"href":"https:\/\/afc-tg.com\/index.php\/wp-json\/wp\/v2\/users\/2"}],"replies":[{"embeddable":true,"href":"https:\/\/afc-tg.com\/index.php\/wp-json\/wp\/v2\/comments?post=266"}],"version-history":[{"count":13,"href":"https:\/\/afc-tg.com\/index.php\/wp-json\/wp\/v2\/pages\/266\/revisions"}],"predecessor-version":[{"id":294,"href":"https:\/\/afc-tg.com\/index.php\/wp-json\/wp\/v2\/pages\/266\/revisions\/294"}],"wp:featuredmedia":[{"embeddable":true,"href":"https:\/\/afc-tg.com\/index.php\/wp-json\/wp\/v2\/media\/268"}],"wp:attachment":[{"href":"https:\/\/afc-tg.com\/index.php\/wp-json\/wp\/v2\/media?parent=266"}],"curies":[{"name":"wp","href":"https:\/\/api.w.org\/{rel}","templated":true}]}}