{"id":264,"date":"2024-09-03T17:14:51","date_gmt":"2024-09-03T17:14:51","guid":{"rendered":"https:\/\/afc-tg.com\/?page_id=264"},"modified":"2024-09-03T17:31:23","modified_gmt":"2024-09-03T17:31:23","slug":"polytanks","status":"publish","type":"page","link":"https:\/\/afc-tg.com\/index.php\/polytanks\/","title":{"rendered":"Polytanks"},"content":{"rendered":"\t\t<div data-elementor-type=\"wp-page\" data-elementor-id=\"264\" class=\"elementor elementor-264\" data-elementor-post-type=\"page\">\n\t\t\t\t\t\t<section class=\"elementor-section elementor-top-section elementor-element elementor-element-c3bad71 elementor-section-boxed elementor-section-height-default elementor-section-height-default\" data-id=\"c3bad71\" data-element_type=\"section\" data-settings=\"{&quot;ekit_has_onepagescroll_dot&quot;:&quot;yes&quot;}\">\n\t\t\t\t\t\t<div class=\"elementor-container elementor-column-gap-default\">\n\t\t\t\t\t<div class=\"elementor-column elementor-col-100 elementor-top-column elementor-element elementor-element-b4c53c1\" data-id=\"b4c53c1\" data-element_type=\"column\">\n\t\t\t<div class=\"elementor-widget-wrap elementor-element-populated\">\n\t\t\t\t\t\t<div class=\"elementor-element elementor-element-75bae17 elementor-view-framed elementor-shape-circle elementor-widget elementor-widget-icon\" data-id=\"75bae17\" data-element_type=\"widget\" data-settings=\"{&quot;ekit_we_effect_on&quot;:&quot;none&quot;}\" data-widget_type=\"icon.default\">\n\t\t\t\t<div class=\"elementor-widget-container\">\n\t\t\t\t\t<div class=\"elementor-icon-wrapper\">\n\t\t\t<div class=\"elementor-icon\">\n\t\t\t<svg aria-hidden=\"true\" class=\"e-font-icon-svg e-fas-angle-double-down\" viewBox=\"0 0 320 512\" xmlns=\"http:\/\/www.w3.org\/2000\/svg\"><path d=\"M143 256.3L7 120.3c-9.4-9.4-9.4-24.6 0-33.9l22.6-22.6c9.4-9.4 24.6-9.4 33.9 0l96.4 96.4 96.4-96.4c9.4-9.4 24.6-9.4 33.9 0L313 86.3c9.4 9.4 9.4 24.6 0 33.9l-136 136c-9.4 9.5-24.6 9.5-34 .1zm34 192l136-136c9.4-9.4 9.4-24.6 0-33.9l-22.6-22.6c-9.4-9.4-24.6-9.4-33.9 0L160 352.1l-96.4-96.4c-9.4-9.4-24.6-9.4-33.9 0L7 278.3c-9.4 9.4-9.4 24.6 0 33.9l136 136c9.4 9.5 24.6 9.5 34 .1z\"><\/path><\/svg>\t\t\t<\/div>\n\t\t<\/div>\n\t\t\t\t<\/div>\n\t\t\t\t<\/div>\n\t\t\t\t\t<\/div>\n\t\t<\/div>\n\t\t\t\t\t<\/div>\n\t\t<\/section>\n\t\t\t\t<section class=\"elementor-section elementor-top-section elementor-element elementor-element-8a74013 elementor-section-boxed elementor-section-height-default elementor-section-height-default\" data-id=\"8a74013\" data-element_type=\"section\" data-settings=\"{&quot;ekit_has_onepagescroll_dot&quot;:&quot;yes&quot;}\">\n\t\t\t\t\t\t<div class=\"elementor-container elementor-column-gap-default\">\n\t\t\t\t\t<div class=\"elementor-column elementor-col-50 elementor-top-column elementor-element elementor-element-f9be75d\" data-id=\"f9be75d\" data-element_type=\"column\">\n\t\t\t<div class=\"elementor-widget-wrap elementor-element-populated\">\n\t\t\t\t\t\t<div class=\"elementor-element elementor-element-e12c0b2 elementor-widget elementor-widget-heading\" data-id=\"e12c0b2\" data-element_type=\"widget\" data-settings=\"{&quot;ekit_we_effect_on&quot;:&quot;none&quot;}\" data-widget_type=\"heading.default\">\n\t\t\t\t<div class=\"elementor-widget-container\">\n\t\t\t<style>\/*! elementor - v3.21.0 - 26-05-2024 *\/\n.elementor-heading-title{padding:0;margin:0;line-height:1}.elementor-widget-heading .elementor-heading-title[class*=elementor-size-]>a{color:inherit;font-size:inherit;line-height:inherit}.elementor-widget-heading .elementor-heading-title.elementor-size-small{font-size:15px}.elementor-widget-heading .elementor-heading-title.elementor-size-medium{font-size:19px}.elementor-widget-heading .elementor-heading-title.elementor-size-large{font-size:29px}.elementor-widget-heading .elementor-heading-title.elementor-size-xl{font-size:39px}.elementor-widget-heading .elementor-heading-title.elementor-size-xxl{font-size:59px}<\/style><h2 class=\"elementor-heading-title elementor-size-default\">R\u00e9servoirs de stockage d'eau (\u00e0 usage domestique, agricole et industriel)\nCapacit\u00e9s de stockage : 50 \u2013 30 000 litres<\/h2>\t\t<\/div>\n\t\t\t\t<\/div>\n\t\t\t\t<div class=\"elementor-element elementor-element-1517051 elementor-widget elementor-widget-text-editor\" data-id=\"1517051\" data-element_type=\"widget\" data-settings=\"{&quot;ekit_we_effect_on&quot;:&quot;none&quot;}\" data-widget_type=\"text-editor.default\">\n\t\t\t\t<div class=\"elementor-widget-container\">\n\t\t\t<style>\/*! elementor - v3.21.0 - 26-05-2024 *\/\n.elementor-widget-text-editor.elementor-drop-cap-view-stacked .elementor-drop-cap{background-color:#69727d;color:#fff}.elementor-widget-text-editor.elementor-drop-cap-view-framed .elementor-drop-cap{color:#69727d;border:3px solid;background-color:transparent}.elementor-widget-text-editor:not(.elementor-drop-cap-view-default) .elementor-drop-cap{margin-top:8px}.elementor-widget-text-editor:not(.elementor-drop-cap-view-default) .elementor-drop-cap-letter{width:1em;height:1em}.elementor-widget-text-editor .elementor-drop-cap{float:left;text-align:center;line-height:1;font-size:50px}.elementor-widget-text-editor .elementor-drop-cap-letter{display:inline-block}<\/style>\t\t\t\t<p>Les polytanks produits par\u00a0<b>AFC Togo<\/b>\u00a0sont con\u00e7us pour r\u00e9pondre aux besoins vari\u00e9s des consommateurs en mati\u00e8re de stockage de liquides, qu\u2019il s\u2019agisse d\u2019eau, de produits chimiques ou d\u2019autres fluides. Ces r\u00e9servoirs en latex sont r\u00e9put\u00e9s pour leur r\u00e9sistance, leur long\u00e9vit\u00e9 et leur capacit\u00e9 \u00e0 conserver les contenus en toute s\u00e9curit\u00e9.<\/p>\t\t\t\t\t\t<\/div>\n\t\t\t\t<\/div>\n\t\t\t\t<div class=\"elementor-element elementor-element-89b3b3a elementor-widget elementor-widget-button\" data-id=\"89b3b3a\" data-element_type=\"widget\" data-settings=\"{&quot;ekit_we_effect_on&quot;:&quot;none&quot;}\" data-widget_type=\"button.default\">\n\t\t\t\t<div class=\"elementor-widget-container\">\n\t\t\t\t\t<div class=\"elementor-button-wrapper\">\n\t\t\t<a class=\"elementor-button elementor-button-link elementor-size-sm\" href=\"https:\/\/afc-tg.com\/#contact\">\n\t\t\t\t\t\t<span class=\"elementor-button-content-wrapper\">\n\t\t\t\t\t\t<span class=\"elementor-button-icon elementor-align-icon-right\">\n\t\t\t\t<svg aria-hidden=\"true\" class=\"e-font-icon-svg e-fas-angle-right\" viewBox=\"0 0 256 512\" xmlns=\"http:\/\/www.w3.org\/2000\/svg\"><path d=\"M224.3 273l-136 136c-9.4 9.4-24.6 9.4-33.9 0l-22.6-22.6c-9.4-9.4-9.4-24.6 0-33.9l96.4-96.4-96.4-96.4c-9.4-9.4-9.4-24.6 0-33.9L54.3 103c9.4-9.4 24.6-9.4 33.9 0l136 136c9.5 9.4 9.5 24.6.1 34z\"><\/path><\/svg>\t\t\t<\/span>\n\t\t\t\t\t\t\t\t\t<span class=\"elementor-button-text\">Contactez-nous<\/span>\n\t\t\t\t\t<\/span>\n\t\t\t\t\t<\/a>\n\t\t<\/div>\n\t\t\t\t<\/div>\n\t\t\t\t<\/div>\n\t\t\t\t\t<\/div>\n\t\t<\/div>\n\t\t\t\t<div class=\"elementor-column elementor-col-50 elementor-top-column elementor-element elementor-element-bd83c55\" data-id=\"bd83c55\" data-element_type=\"column\">\n\t\t\t<div class=\"elementor-widget-wrap elementor-element-populated\">\n\t\t\t\t\t\t<div class=\"elementor-element elementor-element-74ba2de elementor-widget elementor-widget-image\" data-id=\"74ba2de\" data-element_type=\"widget\" data-settings=\"{&quot;ekit_we_effect_on&quot;:&quot;none&quot;}\" data-widget_type=\"image.default\">\n\t\t\t\t<div class=\"elementor-widget-container\">\n\t\t\t<style>\/*! elementor - v3.21.0 - 26-05-2024 *\/\n.elementor-widget-image{text-align:center}.elementor-widget-image a{display:inline-block}.elementor-widget-image a img[src$=\".svg\"]{width:48px}.elementor-widget-image img{vertical-align:middle;display:inline-block}<\/style>\t\t\t\t\t\t\t\t\t\t<img fetchpriority=\"high\" decoding=\"async\" width=\"1583\" height=\"1187\" src=\"https:\/\/afc-tg.com\/wp-content\/uploads\/2024\/06\/home2-1.jpg\" class=\"attachment-full size-full wp-image-117\" alt=\"\" srcset=\"https:\/\/afc-tg.com\/wp-content\/uploads\/2024\/06\/home2-1.jpg 1583w, https:\/\/afc-tg.com\/wp-content\/uploads\/2024\/06\/home2-1-300x225.jpg 300w, https:\/\/afc-tg.com\/wp-content\/uploads\/2024\/06\/home2-1-1024x768.jpg 1024w, https:\/\/afc-tg.com\/wp-content\/uploads\/2024\/06\/home2-1-768x576.jpg 768w, https:\/\/afc-tg.com\/wp-content\/uploads\/2024\/06\/home2-1-1536x1152.jpg 1536w\" sizes=\"(max-width: 1583px) 100vw, 1583px\" \/>\t\t\t\t\t\t\t\t\t\t\t\t\t<\/div>\n\t\t\t\t<\/div>\n\t\t\t\t\t<\/div>\n\t\t<\/div>\n\t\t\t\t\t<\/div>\n\t\t<\/section>\n\t\t\t\t<\/div>\n\t\t","protected":false},"excerpt":{"rendered":"<p>R\u00e9servoirs de stockage d&rsquo;eau (\u00e0 usage domestique, agricole et industriel) Capacit\u00e9s de stockage : 50 \u2013 30 000 litres Les polytanks produits par\u00a0AFC Togo\u00a0sont con\u00e7us pour r\u00e9pondre aux besoins vari\u00e9s des consommateurs en mati\u00e8re de stockage de liquides, qu\u2019il s\u2019agisse d\u2019eau, de produits chimiques ou d\u2019autres fluides. Ces r\u00e9servoirs en latex sont r\u00e9put\u00e9s pour leur [&hellip;]<\/p>\n","protected":false},"author":2,"featured_media":0,"parent":0,"menu_order":0,"comment_status":"closed","ping_status":"closed","template":"elementor_header_footer","meta":{"footnotes":""},"class_list":["post-264","page","type-page","status-publish","hentry"],"yoast_head":"<!-- This site is optimized with the Yoast SEO plugin v22.8 - https:\/\/yoast.com\/wordpress\/plugins\/seo\/ -->\n<title>Polytanks - AFC Togo<\/title>\n<meta name=\"robots\" content=\"index, follow, max-snippet:-1, max-image-preview:large, max-video-preview:-1\" \/>\n<link rel=\"canonical\" href=\"https:\/\/afc-tg.com\/index.php\/polytanks\/\" \/>\n<meta property=\"og:locale\" content=\"fr_FR\" \/>\n<meta property=\"og:type\" content=\"article\" \/>\n<meta property=\"og:title\" content=\"Polytanks - AFC Togo\" \/>\n<meta property=\"og:description\" content=\"R\u00e9servoirs de stockage d&rsquo;eau (\u00e0 usage domestique, agricole et industriel) Capacit\u00e9s de stockage : 50 \u2013 30 000 litres Les polytanks produits par\u00a0AFC Togo\u00a0sont con\u00e7us pour r\u00e9pondre aux besoins vari\u00e9s des consommateurs en mati\u00e8re de stockage de liquides, qu\u2019il s\u2019agisse d\u2019eau, de produits chimiques ou d\u2019autres fluides. Ces r\u00e9servoirs en latex sont r\u00e9put\u00e9s pour leur [&hellip;]\" \/>\n<meta property=\"og:url\" content=\"https:\/\/afc-tg.com\/index.php\/polytanks\/\" \/>\n<meta property=\"og:site_name\" content=\"AFC Togo\" \/>\n<meta property=\"article:modified_time\" content=\"2024-09-03T17:31:23+00:00\" \/>\n<meta property=\"og:image\" content=\"http:\/\/afc-tg.com\/wp-content\/uploads\/2024\/06\/home2-1.jpg\" \/>\n<meta name=\"twitter:card\" content=\"summary_large_image\" \/>\n<meta name=\"twitter:label1\" content=\"Dur\u00e9e de lecture estim\u00e9e\" \/>\n\t<meta name=\"twitter:data1\" content=\"1 minute\" \/>\n<script type=\"application\/ld+json\" class=\"yoast-schema-graph\">{\"@context\":\"https:\/\/schema.org\",\"@graph\":[{\"@type\":\"WebPage\",\"@id\":\"https:\/\/afc-tg.com\/index.php\/polytanks\/\",\"url\":\"https:\/\/afc-tg.com\/index.php\/polytanks\/\",\"name\":\"Polytanks - AFC Togo\",\"isPartOf\":{\"@id\":\"https:\/\/afc-tg.com\/#website\"},\"primaryImageOfPage\":{\"@id\":\"https:\/\/afc-tg.com\/index.php\/polytanks\/#primaryimage\"},\"image\":{\"@id\":\"https:\/\/afc-tg.com\/index.php\/polytanks\/#primaryimage\"},\"thumbnailUrl\":\"http:\/\/afc-tg.com\/wp-content\/uploads\/2024\/06\/home2-1.jpg\",\"datePublished\":\"2024-09-03T17:14:51+00:00\",\"dateModified\":\"2024-09-03T17:31:23+00:00\",\"breadcrumb\":{\"@id\":\"https:\/\/afc-tg.com\/index.php\/polytanks\/#breadcrumb\"},\"inLanguage\":\"fr-FR\",\"potentialAction\":[{\"@type\":\"ReadAction\",\"target\":[\"https:\/\/afc-tg.com\/index.php\/polytanks\/\"]}]},{\"@type\":\"ImageObject\",\"inLanguage\":\"fr-FR\",\"@id\":\"https:\/\/afc-tg.com\/index.php\/polytanks\/#primaryimage\",\"url\":\"http:\/\/afc-tg.com\/wp-content\/uploads\/2024\/06\/home2-1.jpg\",\"contentUrl\":\"http:\/\/afc-tg.com\/wp-content\/uploads\/2024\/06\/home2-1.jpg\"},{\"@type\":\"BreadcrumbList\",\"@id\":\"https:\/\/afc-tg.com\/index.php\/polytanks\/#breadcrumb\",\"itemListElement\":[{\"@type\":\"ListItem\",\"position\":1,\"name\":\"Accueil\",\"item\":\"https:\/\/afc-tg.com\/\"},{\"@type\":\"ListItem\",\"position\":2,\"name\":\"Polytanks\"}]},{\"@type\":\"WebSite\",\"@id\":\"https:\/\/afc-tg.com\/#website\",\"url\":\"https:\/\/afc-tg.com\/\",\"name\":\"AFC Togo\",\"description\":\"Africa Furo E Construcao\",\"potentialAction\":[{\"@type\":\"SearchAction\",\"target\":{\"@type\":\"EntryPoint\",\"urlTemplate\":\"https:\/\/afc-tg.com\/?s={search_term_string}\"},\"query-input\":\"required name=search_term_string\"}],\"inLanguage\":\"fr-FR\"}]}<\/script>\n<!-- \/ Yoast SEO plugin. -->","yoast_head_json":{"title":"Polytanks - AFC Togo","robots":{"index":"index","follow":"follow","max-snippet":"max-snippet:-1","max-image-preview":"max-image-preview:large","max-video-preview":"max-video-preview:-1"},"canonical":"https:\/\/afc-tg.com\/index.php\/polytanks\/","og_locale":"fr_FR","og_type":"article","og_title":"Polytanks - AFC Togo","og_description":"R\u00e9servoirs de stockage d&rsquo;eau (\u00e0 usage domestique, agricole et industriel) Capacit\u00e9s de stockage : 50 \u2013 30 000 litres Les polytanks produits par\u00a0AFC Togo\u00a0sont con\u00e7us pour r\u00e9pondre aux besoins vari\u00e9s des consommateurs en mati\u00e8re de stockage de liquides, qu\u2019il s\u2019agisse d\u2019eau, de produits chimiques ou d\u2019autres fluides. Ces r\u00e9servoirs en latex sont r\u00e9put\u00e9s pour leur [&hellip;]","og_url":"https:\/\/afc-tg.com\/index.php\/polytanks\/","og_site_name":"AFC Togo","article_modified_time":"2024-09-03T17:31:23+00:00","og_image":[{"url":"http:\/\/afc-tg.com\/wp-content\/uploads\/2024\/06\/home2-1.jpg"}],"twitter_card":"summary_large_image","twitter_misc":{"Dur\u00e9e de lecture estim\u00e9e":"1 minute"},"schema":{"@context":"https:\/\/schema.org","@graph":[{"@type":"WebPage","@id":"https:\/\/afc-tg.com\/index.php\/polytanks\/","url":"https:\/\/afc-tg.com\/index.php\/polytanks\/","name":"Polytanks - AFC Togo","isPartOf":{"@id":"https:\/\/afc-tg.com\/#website"},"primaryImageOfPage":{"@id":"https:\/\/afc-tg.com\/index.php\/polytanks\/#primaryimage"},"image":{"@id":"https:\/\/afc-tg.com\/index.php\/polytanks\/#primaryimage"},"thumbnailUrl":"http:\/\/afc-tg.com\/wp-content\/uploads\/2024\/06\/home2-1.jpg","datePublished":"2024-09-03T17:14:51+00:00","dateModified":"2024-09-03T17:31:23+00:00","breadcrumb":{"@id":"https:\/\/afc-tg.com\/index.php\/polytanks\/#breadcrumb"},"inLanguage":"fr-FR","potentialAction":[{"@type":"ReadAction","target":["https:\/\/afc-tg.com\/index.php\/polytanks\/"]}]},{"@type":"ImageObject","inLanguage":"fr-FR","@id":"https:\/\/afc-tg.com\/index.php\/polytanks\/#primaryimage","url":"http:\/\/afc-tg.com\/wp-content\/uploads\/2024\/06\/home2-1.jpg","contentUrl":"http:\/\/afc-tg.com\/wp-content\/uploads\/2024\/06\/home2-1.jpg"},{"@type":"BreadcrumbList","@id":"https:\/\/afc-tg.com\/index.php\/polytanks\/#breadcrumb","itemListElement":[{"@type":"ListItem","position":1,"name":"Accueil","item":"https:\/\/afc-tg.com\/"},{"@type":"ListItem","position":2,"name":"Polytanks"}]},{"@type":"WebSite","@id":"https:\/\/afc-tg.com\/#website","url":"https:\/\/afc-tg.com\/","name":"AFC Togo","description":"Africa Furo E Construcao","potentialAction":[{"@type":"SearchAction","target":{"@type":"EntryPoint","urlTemplate":"https:\/\/afc-tg.com\/?s={search_term_string}"},"query-input":"required name=search_term_string"}],"inLanguage":"fr-FR"}]}},"_links":{"self":[{"href":"https:\/\/afc-tg.com\/index.php\/wp-json\/wp\/v2\/pages\/264","targetHints":{"allow":["GET"]}}],"collection":[{"href":"https:\/\/afc-tg.com\/index.php\/wp-json\/wp\/v2\/pages"}],"about":[{"href":"https:\/\/afc-tg.com\/index.php\/wp-json\/wp\/v2\/types\/page"}],"author":[{"embeddable":true,"href":"https:\/\/afc-tg.com\/index.php\/wp-json\/wp\/v2\/users\/2"}],"replies":[{"embeddable":true,"href":"https:\/\/afc-tg.com\/index.php\/wp-json\/wp\/v2\/comments?post=264"}],"version-history":[{"count":7,"href":"https:\/\/afc-tg.com\/index.php\/wp-json\/wp\/v2\/pages\/264\/revisions"}],"predecessor-version":[{"id":277,"href":"https:\/\/afc-tg.com\/index.php\/wp-json\/wp\/v2\/pages\/264\/revisions\/277"}],"wp:attachment":[{"href":"https:\/\/afc-tg.com\/index.php\/wp-json\/wp\/v2\/media?parent=264"}],"curies":[{"name":"wp","href":"https:\/\/api.w.org\/{rel}","templated":true}]}}